{"id":231,"date":"2018-12-23T15:55:03","date_gmt":"2018-12-23T15:55:03","guid":{"rendered":"http:\/\/your-agent.de\/?page_id=231"},"modified":"2020-12-08T16:27:52","modified_gmt":"2020-12-08T16:27:52","slug":"vermittlung-von-live-bands-djs-und-solokuenstlerinnen","status":"publish","type":"page","link":"https:\/\/your-agent.de\/?page_id=231","title":{"rendered":"Vermittlung von Live-Bands, DJ`s und Solok\u00fcnstler*innen"},"content":{"rendered":"\n<div class=\"wp-block-cover has-background-dim\" style=\"background-image:url(http:\/\/your-agent.de\/wp-content\/uploads\/2018\/12\/pexels-photo-375893.jpeg)\"><div class=\"wp-block-cover__inner-container is-layout-flow wp-block-cover-is-layout-flow\">\n<p class=\"has-text-align-center has-large-font-size\"><\/p>\n<\/div><\/div>\n\n\n\n<p style=\"font-size:25px\">Sie suchen eine Live-Band?<br><\/p>\n\n\n\n<p style=\"font-size:25px\">Dann sind Sie auf dieser Homepage goldrichtig!<\/p>\n\n\n\n<p style=\"font-size:25px\">Ich spiele seit \u00fcber 20 Jahren Schlagzeug in unterschiedlichen Bands und bin in der Musikerszene des Landes gut vernetzt. Ob Blues, Country, Heavy Metal oder die Blaskapelle. Ich bin Ihr kompetenter Ansprechpartner, wenn es um die Organisation und Vermittlung von Musik-Events im Landkreis Mecklenburgische Seenplatte geht. Sie k\u00f6nnen aus einem Pool von \u00fcber 15 Bands die Richtige f\u00fcr Ihre Feierlichkeit ausw\u00e4hlen.<\/p>\n\n\n\n<p style=\"font-size:25px\">Lassen Sie sich kostenfrei beraten!<\/p>\n\n\n\n<p style=\"font-size:17px\">P.s.: Einige Empfehlungen f\u00fcr Sie:<\/p>\n\n\n\n<figure class=\"wp-block-image\"><a href=\"https:\/\/www.ebay-kleinanzeigen.de\/s-anzeige\/-4-hands-and-friends-livemusik-dj-hochzeit\/1204149675-191-16555\" target=\"_blank\" rel=\"bandbeschreibung noopener noreferrer\"><img fetchpriority=\"high\" decoding=\"async\" width=\"1024\" height=\"426\" src=\"http:\/\/your-agent.de\/wp-content\/uploads\/2019\/01\/4-Hands-1024x426.jpg\" alt=\"\" class=\"wp-image-349\" srcset=\"https:\/\/your-agent.de\/wp-content\/uploads\/2019\/01\/4-Hands-1024x426.jpg 1024w, https:\/\/your-agent.de\/wp-content\/uploads\/2019\/01\/4-Hands-300x125.jpg 300w, https:\/\/your-agent.de\/wp-content\/uploads\/2019\/01\/4-Hands-768x319.jpg 768w, https:\/\/your-agent.de\/wp-content\/uploads\/2019\/01\/4-Hands.jpg 1415w\" sizes=\"(max-width: 1024px) 100vw, 1024px\" \/><\/a><\/figure>\n\n\n\n<figure class=\"wp-block-image is-resized\"><a href=\"https:\/\/www.ebay-kleinanzeigen.de\/s-anzeige\/livemusik-band-karaoke-band-party-liveband\/1052623762-191-16555\" target=\"_blank\" rel=\"noreferrer noopener\"><img decoding=\"async\" src=\"https:\/\/your-agent.de\/wp-content\/uploads\/2019\/02\/Karachoke.jpg\" alt=\"\" class=\"wp-image-403\" width=\"558\" height=\"372\" srcset=\"https:\/\/your-agent.de\/wp-content\/uploads\/2019\/02\/Karachoke.jpg 978w, https:\/\/your-agent.de\/wp-content\/uploads\/2019\/02\/Karachoke-300x200.jpg 300w, https:\/\/your-agent.de\/wp-content\/uploads\/2019\/02\/Karachoke-768x512.jpg 768w, https:\/\/your-agent.de\/wp-content\/uploads\/2019\/02\/Karachoke-360x240.jpg 360w\" sizes=\"(max-width: 558px) 100vw, 558px\" \/><\/a><figcaption>Mieten Sie Ihre eigene Karaoke-Band! \ud83d\ude42<\/figcaption><\/figure>\n","protected":false},"excerpt":{"rendered":"<p>Sie suchen eine Live-Band? Dann sind Sie auf dieser Homepage goldrichtig! Ich spiele seit \u00fcber 20 Jahren Schlagzeug in unterschiedlichen Bands und bin in der Musikerszene des Landes gut vernetzt. Ob Blues, Country, Heavy Metal oder die Blaskapelle. Ich bin Ihr kompetenter Ansprechpartner, wenn es um die Organisation und Vermittlung<a class=\"moretag\" href=\"https:\/\/your-agent.de\/?page_id=231\"> Weiterlesen<\/a><\/p>\n","protected":false},"author":1,"featured_media":0,"parent":0,"menu_order":0,"comment_status":"closed","ping_status":"closed","template":"","meta":{"footnotes":""},"class_list":["post-231","page","type-page","status-publish","hentry"],"_links":{"self":[{"href":"https:\/\/your-agent.de\/index.php?rest_route=\/wp\/v2\/pages\/231","targetHints":{"allow":["GET"]}}],"collection":[{"href":"https:\/\/your-agent.de\/index.php?rest_route=\/wp\/v2\/pages"}],"about":[{"href":"https:\/\/your-agent.de\/index.php?rest_route=\/wp\/v2\/types\/page"}],"author":[{"embeddable":true,"href":"https:\/\/your-agent.de\/index.php?rest_route=\/wp\/v2\/users\/1"}],"replies":[{"embeddable":true,"href":"https:\/\/your-agent.de\/index.php?rest_route=%2Fwp%2Fv2%2Fcomments&post=231"}],"version-history":[{"count":13,"href":"https:\/\/your-agent.de\/index.php?rest_route=\/wp\/v2\/pages\/231\/revisions"}],"predecessor-version":[{"id":542,"href":"https:\/\/your-agent.de\/index.php?rest_route=\/wp\/v2\/pages\/231\/revisions\/542"}],"wp:attachment":[{"href":"https:\/\/your-agent.de\/index.php?rest_route=%2Fwp%2Fv2%2Fmedia&parent=231"}],"curies":[{"name":"wp","href":"https:\/\/api.w.org\/{rel}","templated":true}]}}